{"id":392,"date":"2023-03-09T12:24:18","date_gmt":"2023-03-09T12:24:18","guid":{"rendered":"https:\/\/sherpa.com.pl\/?page_id=392"},"modified":"2023-03-09T12:24:18","modified_gmt":"2023-03-09T12:24:18","slug":"mont-blanc-sierpien-2009","status":"publish","type":"page","link":"https:\/\/www.sherpa.com.pl\/index.php\/mont-blanc-sierpien-2009\/","title":{"rendered":"Mont Blanc sierpie\u0144 2009"},"content":{"rendered":"\n<h1 class=\"wp-block-heading\" data-block-type=\"core\">Mont Blanc<\/h1>\n\n\n\n<p>Jak by\u0142o?<\/p>\n\n\n\n<p>Inaczej ni\u017c we w\u0142asnych wyobra\u017ceniach i inaczej ni\u017c w opowie\u015bciach innych.<\/p>\n\n\n\n<p>Bo podobno i tak za ka\u017cdym razem jest inaczej.<\/p>\n\n\n\n<p>Ale poza niesamowitym spotkaniem z lodowcem, pos\u0119pn\u0105 chmur\u0105, drabink\u0105 i &gt; lin\u0105, kt\u00f3re okaza\u0142y si\u0119 w sumie dosy\u0107 przyst\u0119pne, by\u0142o to niepor\u00f3wnywalne do\u015bwiadczenie i poznawanie siebie (i innych!), w takich warunkach, w kt\u00f3rych nikt nie ma si\u0142y zgrywa\u0107 kogo\u015b innego.<\/p>\n\n\n\n<p>Nigdy wcze\u015bniej nie by\u0142am powy\u017cej 2500 m, wi\u0119c wysoko\u015b\u0107 prawie dwukrotnie wy\u017csza by\u0142a czym\u015b zupe\u0142nie nowym i nieznanym. Najbardziej niezwyk\u0142e wspomnienie to pozornie sielankowy obrazek: bezchmurne niebo, s\u0142o\u0144ce odbijaj\u0105ce si\u0119 w \u015bniegu, cudowne widoki z ka\u017cdej strony\u2026 i m\u0105c\u0105cy ca\u0142\u0105 sielank\u0119 dr\u0119twy oddech, kt\u00f3rego starcza\u0142o na niewiele wi\u0119cej ni\u017c 50 krok\u00f3w\u2026po czym wreszcie upragniony stop, ci\u0119\u017ckie sapanie i chwilowe delektowanie si\u0119 bezruchem\u2026 Jako\u015b trudno zrozumie\u0107 to mozolne drapanie si\u0119 na garby, za kt\u00f3rymi przecie\u017c na wyci\u0105gni\u0119cie r\u0119ki jest ju\u017c nasz docelowy kopczyk! Jednak chyba dobrze, \u017ce tylko w taki spos\u00f3b da\u0142a zna\u0107 o sobie wysoko\u015b\u0107 ;).Wielka szkoda, \u017ce nie uda\u0142o nam si\u0119 wej\u015b\u0107 w komplecie, i rado\u015b\u0107 by\u0142a przez to jaka\u015b niepe\u0142na, ale g\u00f3ry tak chcia\u0142y\u2026mog\u0142am to r\u00f3wnie dobrze by\u0107 i ja\u2026<\/p>\n\n\n\n<p>Powr\u00f3t nie mia\u0142 ko\u0144ca\u2026i akurat ja nie zapomn\u0119 strachu i wyczekiwania na pokonanie odcinka Gouter \u2013 Tete Rousse, kt\u00f3ry niema\u0142o pary wycisn\u0105\u0142 z nas przed \u015bwitem tego samego dnia. I to chyba w\u0142a\u015bnie ten strach \u2013 przed zsuwaniem si\u0119 z nieko\u0144cz\u0105cej si\u0119 \u015bciany g\u0142az\u00f3w i przed fina\u0142owym starciem z kuluarem \u201egraj\u0105cym w kr\u0119gle\u201d (a kr\u0119gle to my) \u2013 trzyma\u0142 mnie w napi\u0119ciu do samego ko\u0144ca\u2026<\/p>\n\n\n\n<p>I chocia\u017c z ka\u017cdym dniem wspomnienia ciemniejszych moment\u00f3w nieco topniej\u0105, to i tak my\u015bl\u0119, \u017ce Mt Blanc jest w zasi\u0119gu prawie ka\u017cdego \u2013 pod jednym tylko warunkiem \u2013 \u017ce dowodzi tak b\u0142yskotliwy g\u00f3rski ekspert jak nasz przewodnik :):). A \u017ce wyobra\u017cenia o wchodzeniu na Bia\u0142\u0105 G\u00f3r\u0119 okaza\u0142y si\u0119 o wiele czarniejsze od rzeczywisto\u015bci \u2013 tym bardziej trzeba to kiedy\u015b powt\u00f3rzy\u0107 :).<\/p>\n\n\n\n<p>Ma\u0142gorzata M.<\/p>\n","protected":false},"excerpt":{"rendered":"<p>Mont Blanc Jak by\u0142o? Inaczej ni\u017c we w\u0142asnych wyobra\u017ceniach i inaczej ni\u017c w opowie\u015bciach innych. Bo podobno i tak za ka\u017cdym razem jest inaczej. Ale poza niesamowitym spotkaniem z lodowcem, pos\u0119pn\u0105 chmur\u0105, drabink\u0105 i &gt; lin\u0105, kt\u00f3re okaza\u0142y si\u0119 w sumie dosy\u0107 przyst\u0119pne, by\u0142o to niepor\u00f3wnywalne do\u015bwiadczenie i poznawanie siebie (i innych!), w takich warunkach, [&hellip;]<\/p>\n","protected":false},"author":2,"featured_media":0,"parent":0,"menu_order":0,"comment_status":"closed","ping_status":"closed","template":"","meta":{"footnotes":""},"blocksy_meta":{"styles_descriptor":{"styles":{"desktop":"","tablet":"","mobile":""},"google_fonts":[],"version":6}},"_links":{"self":[{"href":"https:\/\/www.sherpa.com.pl\/index.php\/wp-json\/wp\/v2\/pages\/392"}],"collection":[{"href":"https:\/\/www.sherpa.com.pl\/index.php\/wp-json\/wp\/v2\/pages"}],"about":[{"href":"https:\/\/www.sherpa.com.pl\/index.php\/wp-json\/wp\/v2\/types\/page"}],"author":[{"embeddable":true,"href":"https:\/\/www.sherpa.com.pl\/index.php\/wp-json\/wp\/v2\/users\/2"}],"replies":[{"embeddable":true,"href":"https:\/\/www.sherpa.com.pl\/index.php\/wp-json\/wp\/v2\/comments?post=392"}],"version-history":[{"count":1,"href":"https:\/\/www.sherpa.com.pl\/index.php\/wp-json\/wp\/v2\/pages\/392\/revisions"}],"predecessor-version":[{"id":393,"href":"https:\/\/www.sherpa.com.pl\/index.php\/wp-json\/wp\/v2\/pages\/392\/revisions\/393"}],"wp:attachment":[{"href":"https:\/\/www.sherpa.com.pl\/index.php\/wp-json\/wp\/v2\/media?parent=392"}],"curies":[{"name":"wp","href":"https:\/\/api.w.org\/{rel}","templated":true}]}}